{"id":2786,"date":"2025-07-15T14:40:16","date_gmt":"2025-07-15T14:40:16","guid":{"rendered":"https:\/\/quokkacoworking.com\/?page_id=2786"},"modified":"2025-10-03T15:31:04","modified_gmt":"2025-10-03T15:31:04","slug":"politica-de-privicidad","status":"publish","type":"page","link":"https:\/\/quokkacoworking.com\/en\/politica-de-privicidad\/","title":{"rendered":"Privacy Policy"},"content":{"rendered":"\t\t<div data-elementor-type=\"wp-page\" data-elementor-id=\"2786\" class=\"elementor elementor-2786\" data-elementor-post-type=\"page\">\n\t\t\t\t<div class=\"elementor-element elementor-element-cda1f82 parallax-section e-flex e-con-boxed e-con e-parent\" data-id=\"cda1f82\" data-element_type=\"container\" data-e-type=\"container\" data-settings=\"{&quot;background_background&quot;:&quot;classic&quot;}\">\n\t\t\t\t\t<div class=\"e-con-inner\">\n\t\t<div class=\"elementor-element elementor-element-e9e7eb9 e-con-full e-flex e-con e-child\" data-id=\"e9e7eb9\" data-element_type=\"container\" data-e-type=\"container\">\n\t\t<div class=\"elementor-element elementor-element-61b48bd e-con-full e-flex e-con e-child\" data-id=\"61b48bd\" data-element_type=\"container\" data-e-type=\"container\">\n\t\t<div class=\"elementor-element elementor-element-814c5bf e-con-full e-flex e-con e-child\" data-id=\"814c5bf\" data-element_type=\"container\" data-e-type=\"container\">\n\t\t\t\t<div class=\"elementor-element elementor-element-183c161 elementor-widget elementor-widget-shortcode\" data-id=\"183c161\" data-element_type=\"widget\" data-e-type=\"widget\" id=\"miga\" data-widget_type=\"shortcode.default\">\n\t\t\t\t<div class=\"elementor-widget-container\">\n\t\t\t\t\t\t\t<div class=\"elementor-shortcode\"><nav class=\"miga-de-pan\" aria-label=\"Breadcrumbs\"><a href=\"https:\/\/quokkacoworking.com\/en\">Inicio<\/a><\/nav><\/div>\n\t\t\t\t\t\t<\/div>\n\t\t\t\t<\/div>\n\t\t\t\t<\/div>\n\t\t<div class=\"elementor-element elementor-element-0064562 e-con-full e-flex e-con e-child\" data-id=\"0064562\" data-element_type=\"container\" data-e-type=\"container\">\n\t\t<div class=\"elementor-element elementor-element-462de4f e-con-full e-flex e-con e-child\" data-id=\"462de4f\" data-element_type=\"container\" data-e-type=\"container\">\n\t\t\t\t<\/div>\n\t\t<div class=\"elementor-element elementor-element-01332e7 e-con-full e-flex e-con e-child\" data-id=\"01332e7\" data-element_type=\"container\" data-e-type=\"container\">\n\t\t\t\t<div class=\"elementor-element elementor-element-0f89337 elementor-widget elementor-widget-image\" data-id=\"0f89337\" data-element_type=\"widget\" data-e-type=\"widget\" data-widget_type=\"image.default\">\n\t\t\t\t<div class=\"elementor-widget-container\">\n\t\t\t\t\t\t\t\t\t\t\t\t\t\t\t<img fetchpriority=\"high\" decoding=\"async\" width=\"1920\" height=\"953\" src=\"https:\/\/quokkacoworking.com\/wp-content\/uploads\/2025\/07\/banner-politicas.webp\" class=\"attachment-full size-full wp-image-2803\" alt=\"Banner Pol\u00edticas\" srcset=\"https:\/\/quokkacoworking.com\/wp-content\/uploads\/2025\/07\/banner-politicas.webp 1920w, https:\/\/quokkacoworking.com\/wp-content\/uploads\/2025\/07\/banner-politicas-300x149.webp 300w, https:\/\/quokkacoworking.com\/wp-content\/uploads\/2025\/07\/banner-politicas-1024x508.webp 1024w, https:\/\/quokkacoworking.com\/wp-content\/uploads\/2025\/07\/banner-politicas-768x381.webp 768w, https:\/\/quokkacoworking.com\/wp-content\/uploads\/2025\/07\/banner-politicas-1536x762.webp 1536w, https:\/\/quokkacoworking.com\/wp-content\/uploads\/2025\/07\/banner-politicas-18x9.webp 18w\" sizes=\"(max-width: 1920px) 100vw, 1920px\" \/>\t\t\t\t\t\t\t\t\t\t\t\t\t\t\t<\/div>\n\t\t\t\t<\/div>\n\t\t\t\t<\/div>\n\t\t\t\t<\/div>\n\t\t\t\t<\/div>\n\t\t\t\t<\/div>\n\t\t\t\t\t<\/div>\n\t\t\t\t<\/div>\n\t\t<div class=\"elementor-element elementor-element-a232856 e-flex e-con-boxed e-con e-parent\" data-id=\"a232856\" data-element_type=\"container\" data-e-type=\"container\" data-settings=\"{&quot;background_background&quot;:&quot;classic&quot;}\">\n\t\t\t\t\t<div class=\"e-con-inner\">\n\t\t<div class=\"elementor-element elementor-element-e035a71 e-con-full e-flex e-con e-child\" data-id=\"e035a71\" data-element_type=\"container\" data-e-type=\"container\">\n\t\t<div class=\"elementor-element elementor-element-cf80205 e-con-full e-flex e-con e-child\" data-id=\"cf80205\" data-element_type=\"container\" data-e-type=\"container\">\n\t\t<div class=\"elementor-element elementor-element-76ddef9 e-con-full e-flex e-con e-child\" data-id=\"76ddef9\" data-element_type=\"container\" data-e-type=\"container\">\n\t\t<div class=\"elementor-element elementor-element-b4c492f e-con-full e-flex e-con e-child\" data-id=\"b4c492f\" data-element_type=\"container\" data-e-type=\"container\" data-settings=\"{&quot;background_background&quot;:&quot;classic&quot;,&quot;sticky&quot;:&quot;top&quot;,&quot;sticky_on&quot;:[&quot;desktop&quot;],&quot;sticky_offset&quot;:80,&quot;sticky_effects_offset&quot;:0,&quot;sticky_anchor_link_offset&quot;:0}\">\n\t\t<div class=\"elementor-element elementor-element-538a6c2 e-con-full e-flex e-con e-child\" data-id=\"538a6c2\" data-element_type=\"container\" data-e-type=\"container\">\n\t\t\t\t<div class=\"elementor-element elementor-element-4f394b7 elementor-widget elementor-widget-heading\" data-id=\"4f394b7\" data-element_type=\"widget\" data-e-type=\"widget\" data-widget_type=\"heading.default\">\n\t\t\t\t<div class=\"elementor-widget-container\">\n\t\t\t\t\t<h2 class=\"elementor-heading-title elementor-size-default\">Temas de inter\u00e9s<\/h2>\t\t\t\t<\/div>\n\t\t\t\t<\/div>\n\t\t\t\t<div class=\"elementor-element elementor-element-3f1bcfe elementor-icon-list--layout-traditional elementor-list-item-link-full_width elementor-widget elementor-widget-icon-list\" data-id=\"3f1bcfe\" data-element_type=\"widget\" data-e-type=\"widget\" data-widget_type=\"icon-list.default\">\n\t\t\t\t<div class=\"elementor-widget-container\">\n\t\t\t\t\t\t\t<ul class=\"elementor-icon-list-items\">\n\t\t\t\t\t\t\t<li class=\"elementor-icon-list-item\">\n\t\t\t\t\t\t\t\t\t\t\t<a href=\"#data-processing\">\n\n\t\t\t\t\t\t\t\t\t\t\t<span class=\"elementor-icon-list-text\">Tratamiento de datos<\/span>\n\t\t\t\t\t\t\t\t\t\t\t<\/a>\n\t\t\t\t\t\t\t\t\t<\/li>\n\t\t\t\t\t\t\t\t<li class=\"elementor-icon-list-item\">\n\t\t\t\t\t\t\t\t\t\t\t<a href=\"#privacy-policy\">\n\n\t\t\t\t\t\t\t\t\t\t\t<span class=\"elementor-icon-list-text\">Pol\u00edtica de privacidad<\/span>\n\t\t\t\t\t\t\t\t\t\t\t<\/a>\n\t\t\t\t\t\t\t\t\t<\/li>\n\t\t\t\t\t\t\t\t<li class=\"elementor-icon-list-item\">\n\t\t\t\t\t\t\t\t\t\t\t<a href=\"#habeas-data\">\n\n\t\t\t\t\t\t\t\t\t\t\t<span class=\"elementor-icon-list-text\">Habeas data<\/span>\n\t\t\t\t\t\t\t\t\t\t\t<\/a>\n\t\t\t\t\t\t\t\t\t<\/li>\n\t\t\t\t\t\t<\/ul>\n\t\t\t\t\t\t<\/div>\n\t\t\t\t<\/div>\n\t\t\t\t<\/div>\n\t\t\t\t<\/div>\n\t\t\t\t<\/div>\n\t\t<div class=\"elementor-element elementor-element-cae6e4d e-con-full e-flex e-con e-child\" data-id=\"cae6e4d\" data-element_type=\"container\" data-e-type=\"container\">\n\t\t<div class=\"elementor-element elementor-element-17e1b95 e-con-full e-flex e-con e-child\" data-id=\"17e1b95\" data-element_type=\"container\" data-e-type=\"container\" id=\"data-processing\">\n\t\t\t\t<div class=\"elementor-element elementor-element-ff6900f elementor-widget elementor-widget-heading\" data-id=\"ff6900f\" data-element_type=\"widget\" data-e-type=\"widget\" data-widget_type=\"heading.default\">\n\t\t\t\t<div class=\"elementor-widget-container\">\n\t\t\t\t\t<h2 class=\"elementor-heading-title elementor-size-default\">Tratamiento de datos<\/h2>\t\t\t\t<\/div>\n\t\t\t\t<\/div>\n\t\t\t\t<div class=\"elementor-element elementor-element-bccad24 elementor-widget elementor-widget-text-editor\" data-id=\"bccad24\" data-element_type=\"widget\" data-e-type=\"widget\" data-widget_type=\"text-editor.default\">\n\t\t\t\t<div class=\"elementor-widget-container\">\n\t\t\t\t\t\t\t\t\t<p>Lorem ipsum dolor sit amet, consetetur sadipscing elitr, sed diam nonumy eirmod tempor invidunt ut labore et dolore magna aliquyam erat, sed diam voluptua. At vero eos et accusam et justo duo dolores et ea rebum. Stet clita kasd gubergren, no sea takimata sanctus est Lorem ipsum dolor sit amet. Lorem ipsum dolor sit amet, consetetur sadipscing elitr, sed diam nonumy eirmod tempor invidunt ut labore et dolore magna aliquyam erat, sed diam voluptua. At vero eos et accusam et justo duo dolores et ea rebum. Stet clita kasd gubergren, no sea takimata sanctus est Lorem ipsum dolor sit amet.<\/p><p>Lorem ipsum dolor sit amet, consetetur sadipscing elitr, sed diam nonumy eirmod tempor invidunt ut labore et dolore magna aliquyam erat, sed diam voluptua. At vero eos et accusam et justo duo dolores et ea rebum. Stet clita kasd gubergren, no sea takimata sanctus est Lorem ipsum dolor sit amet. Lorem ipsum dolor sit amet, consetetur sadipscing elitr, sed diam nonumy eirmod tempor invidunt ut labore et dolore magna aliquyam erat, sed diam voluptua. At vero eos et accusam et justo duo dolores et ea rebum. Stet clita kasd gubergren, no sea takimata sanctus est Lorem ipsum dolor sit amet.<\/p><p>Lorem ipsum dolor sit amet, consetetur sadipscing elitr, sed diam nonumy eirmod tempor invidunt ut labore et dolore magna aliquyam erat, sed diam voluptua.<\/p><p>At vero eos et accusam et justo duo dolores et ea rebum. Stet clita kasd gubergren, no sea takimata sanctus est Lorem ipsum dolor sit amet. Lorem ipsum dolor sit amet, consetetur sadipscing elitr, sed diam nonumy eirmod tempor invidunt ut labore et dolore magna aliquyam erat, sed diam voluptua. At vero eos et accusam et justo duo dolores et ea rebum. Stet clita kasd gubergren, no sea takimata sanctus est Lorem ipsum dolor sit amet.<\/p>\t\t\t\t\t\t\t\t<\/div>\n\t\t\t\t<\/div>\n\t\t\t\t<\/div>\n\t\t<div class=\"elementor-element elementor-element-ab04f3e e-con-full e-flex e-con e-child\" data-id=\"ab04f3e\" data-element_type=\"container\" data-e-type=\"container\" id=\"privacy-policy\">\n\t\t\t\t<div class=\"elementor-element elementor-element-2a87298 elementor-widget elementor-widget-heading\" data-id=\"2a87298\" data-element_type=\"widget\" data-e-type=\"widget\" data-widget_type=\"heading.default\">\n\t\t\t\t<div class=\"elementor-widget-container\">\n\t\t\t\t\t<h2 class=\"elementor-heading-title elementor-size-default\">Pol\u00edtica de privacidad<\/h2>\t\t\t\t<\/div>\n\t\t\t\t<\/div>\n\t\t\t\t<div class=\"elementor-element elementor-element-9591482 elementor-widget elementor-widget-text-editor\" data-id=\"9591482\" data-element_type=\"widget\" data-e-type=\"widget\" data-widget_type=\"text-editor.default\">\n\t\t\t\t<div class=\"elementor-widget-container\">\n\t\t\t\t\t\t\t\t\t<p>Lorem ipsum dolor sit amet, consetetur sadipscing elitr, sed diam nonumy eirmod tempor invidunt ut labore et dolore magna aliquyam erat, sed diam voluptua. At vero eos et accusam et justo duo dolores et ea rebum. Stet clita kasd gubergren, no sea takimata sanctus est Lorem ipsum dolor sit amet. Lorem ipsum dolor sit amet, consetetur sadipscing elitr, sed diam nonumy eirmod tempor invidunt ut labore et dolore magna aliquyam erat, sed diam voluptua. At vero eos et accusam et justo duo dolores et ea rebum. Stet clita kasd gubergren, no sea takimata sanctus est Lorem ipsum dolor sit amet.<\/p><p>Lorem ipsum dolor sit amet, consetetur sadipscing elitr, sed diam nonumy eirmod tempor invidunt ut labore et dolore magna aliquyam erat, sed diam voluptua. At vero eos et accusam et justo duo dolores et ea rebum. Stet clita kasd gubergren, no sea takimata sanctus est Lorem ipsum dolor sit amet. Lorem ipsum dolor sit amet, consetetur sadipscing elitr, sed diam nonumy eirmod tempor invidunt ut labore et dolore magna aliquyam erat, sed diam voluptua. At vero eos et accusam et justo duo dolores et ea rebum. Stet clita kasd gubergren, no sea takimata sanctus est Lorem ipsum dolor sit amet.<\/p><p>Lorem ipsum dolor sit amet, consetetur sadipscing elitr, sed diam nonumy eirmod tempor invidunt ut labore et dolore magna aliquyam erat, sed diam voluptua.<\/p><p>At vero eos et accusam et justo duo dolores et ea rebum. Stet clita kasd gubergren, no sea takimata sanctus est Lorem ipsum dolor sit amet. Lorem ipsum dolor sit amet, consetetur sadipscing elitr, sed diam nonumy eirmod tempor invidunt ut labore et dolore magna aliquyam erat, sed diam voluptua. At vero eos et accusam et justo duo dolores et ea rebum. Stet clita kasd gubergren, no sea takimata sanctus est Lorem ipsum dolor sit amet.<\/p>\t\t\t\t\t\t\t\t<\/div>\n\t\t\t\t<\/div>\n\t\t\t\t<\/div>\n\t\t<div class=\"elementor-element elementor-element-5cd6b25 e-con-full e-flex e-con e-child\" data-id=\"5cd6b25\" data-element_type=\"container\" data-e-type=\"container\" id=\"habeas-data\">\n\t\t\t\t<div class=\"elementor-element elementor-element-6536b12 elementor-widget elementor-widget-heading\" data-id=\"6536b12\" data-element_type=\"widget\" data-e-type=\"widget\" data-widget_type=\"heading.default\">\n\t\t\t\t<div class=\"elementor-widget-container\">\n\t\t\t\t\t<h2 class=\"elementor-heading-title elementor-size-default\">Habeas data<\/h2>\t\t\t\t<\/div>\n\t\t\t\t<\/div>\n\t\t\t\t<div class=\"elementor-element elementor-element-2e0a982 elementor-widget elementor-widget-text-editor\" data-id=\"2e0a982\" data-element_type=\"widget\" data-e-type=\"widget\" data-widget_type=\"text-editor.default\">\n\t\t\t\t<div class=\"elementor-widget-container\">\n\t\t\t\t\t\t\t\t\t<p>Lorem ipsum dolor sit amet, consetetur sadipscing elitr, sed diam nonumy eirmod tempor invidunt ut labore et dolore magna aliquyam erat, sed diam voluptua. At vero eos et accusam et justo duo dolores et ea rebum. Stet clita kasd gubergren, no sea takimata sanctus est Lorem ipsum dolor sit amet. Lorem ipsum dolor sit amet, consetetur sadipscing elitr, sed diam nonumy eirmod tempor invidunt ut labore et dolore magna aliquyam erat, sed diam voluptua. At vero eos et accusam et justo duo dolores et ea rebum. Stet clita kasd gubergren, no sea takimata sanctus est Lorem ipsum dolor sit amet.<\/p><p>Lorem ipsum dolor sit amet, consetetur sadipscing elitr, sed diam nonumy eirmod tempor invidunt ut labore et dolore magna aliquyam erat, sed diam voluptua. At vero eos et accusam et justo duo dolores et ea rebum. Stet clita kasd gubergren, no sea takimata sanctus est Lorem ipsum dolor sit amet. Lorem ipsum dolor sit amet, consetetur sadipscing elitr, sed diam nonumy eirmod tempor invidunt ut labore et dolore magna aliquyam erat, sed diam voluptua. At vero eos et accusam et justo duo dolores et ea rebum. Stet clita kasd gubergren, no sea takimata sanctus est Lorem ipsum dolor sit amet.<\/p><p>Lorem ipsum dolor sit amet, consetetur sadipscing elitr, sed diam nonumy eirmod tempor invidunt ut labore et dolore magna aliquyam erat, sed diam voluptua.<\/p><p>At vero eos et accusam et justo duo dolores et ea rebum. Stet clita kasd gubergren, no sea takimata sanctus est Lorem ipsum dolor sit amet. Lorem ipsum dolor sit amet, consetetur sadipscing elitr, sed diam nonumy eirmod tempor invidunt ut labore et dolore magna aliquyam erat, sed diam voluptua. At vero eos et accusam et justo duo dolores et ea rebum. Stet clita kasd gubergren, no sea takimata sanctus est Lorem ipsum dolor sit amet.<\/p>\t\t\t\t\t\t\t\t<\/div>\n\t\t\t\t<\/div>\n\t\t\t\t<\/div>\n\t\t\t\t<\/div>\n\t\t\t\t<\/div>\n\t\t\t\t<\/div>\n\t\t\t\t\t<\/div>\n\t\t\t\t<\/div>\n\t\t\t\t<\/div>\n\t\t","protected":false},"excerpt":{"rendered":"<p>Temas de inter\u00e9s Tratamiento de datos Pol\u00edtica de privacidad Habeas data Tratamiento de datos Lorem ipsum dolor sit amet, consetetur sadipscing elitr, sed diam nonumy eirmod tempor invidunt ut labore et dolore magna aliquyam erat, sed diam voluptua. At vero eos et accusam et justo duo dolores et ea rebum. Stet clita kasd gubergren, no [&hellip;]<\/p>\n","protected":false},"author":1,"featured_media":0,"parent":0,"menu_order":0,"comment_status":"closed","ping_status":"closed","template":"elementor_header_footer","meta":{"_acf_changed":false,"footnotes":""},"class_list":["post-2786","page","type-page","status-publish","hentry"],"acf":[],"yoast_head":"<!-- This site is optimized with the Yoast SEO plugin v27.4 - https:\/\/yoast.com\/product\/yoast-seo-wordpress\/ -->\n<title>Pol\u00edtica de privicidad - Quokka Coworking<\/title>\n<meta name=\"robots\" content=\"index, follow, max-snippet:-1, max-image-preview:large, max-video-preview:-1\" \/>\n<link rel=\"canonical\" href=\"https:\/\/quokkacoworking.com\/en\/politica-de-privicidad\/\" \/>\n<meta property=\"og:locale\" content=\"en_US\" \/>\n<meta property=\"og:type\" content=\"article\" \/>\n<meta property=\"og:title\" content=\"Pol\u00edtica de privicidad - Quokka Coworking\" \/>\n<meta property=\"og:description\" content=\"Temas de inter\u00e9s Tratamiento de datos Pol\u00edtica de privacidad Habeas data Tratamiento de datos Lorem ipsum dolor sit amet, consetetur sadipscing elitr, sed diam nonumy eirmod tempor invidunt ut labore et dolore magna aliquyam erat, sed diam voluptua. At vero eos et accusam et justo duo dolores et ea rebum. Stet clita kasd gubergren, no [&hellip;]\" \/>\n<meta property=\"og:url\" content=\"https:\/\/quokkacoworking.com\/en\/politica-de-privicidad\/\" \/>\n<meta property=\"og:site_name\" content=\"Quokka Coworking\" \/>\n<meta property=\"article:modified_time\" content=\"2025-10-03T15:31:04+00:00\" \/>\n<meta property=\"og:image\" content=\"https:\/\/quokkacoworking.com\/wp-content\/uploads\/2025\/07\/banner-politicas.webp\" \/>\n\t<meta property=\"og:image:width\" content=\"1920\" \/>\n\t<meta property=\"og:image:height\" content=\"953\" \/>\n\t<meta property=\"og:image:type\" content=\"image\/webp\" \/>\n<meta name=\"twitter:card\" content=\"summary_large_image\" \/>\n<meta name=\"twitter:label1\" content=\"Est. reading time\" \/>\n\t<meta name=\"twitter:data1\" content=\"5 minutes\" \/>\n<script type=\"application\/ld+json\" class=\"yoast-schema-graph\">{\"@context\":\"https:\\\/\\\/schema.org\",\"@graph\":[{\"@type\":\"WebPage\",\"@id\":\"https:\\\/\\\/quokkacoworking.com\\\/politica-de-privicidad\\\/\",\"url\":\"https:\\\/\\\/quokkacoworking.com\\\/politica-de-privicidad\\\/\",\"name\":\"Pol\u00edtica de privicidad - Quokka Coworking\",\"isPartOf\":{\"@id\":\"https:\\\/\\\/quokkacoworking.com\\\/#website\"},\"primaryImageOfPage\":{\"@id\":\"https:\\\/\\\/quokkacoworking.com\\\/politica-de-privicidad\\\/#primaryimage\"},\"image\":{\"@id\":\"https:\\\/\\\/quokkacoworking.com\\\/politica-de-privicidad\\\/#primaryimage\"},\"thumbnailUrl\":\"https:\\\/\\\/quokkacoworking.com\\\/wp-content\\\/uploads\\\/2025\\\/07\\\/banner-politicas.webp\",\"datePublished\":\"2025-07-15T14:40:16+00:00\",\"dateModified\":\"2025-10-03T15:31:04+00:00\",\"breadcrumb\":{\"@id\":\"https:\\\/\\\/quokkacoworking.com\\\/politica-de-privicidad\\\/#breadcrumb\"},\"inLanguage\":\"en-US\",\"potentialAction\":[{\"@type\":\"ReadAction\",\"target\":[\"https:\\\/\\\/quokkacoworking.com\\\/politica-de-privicidad\\\/\"]}]},{\"@type\":\"ImageObject\",\"inLanguage\":\"en-US\",\"@id\":\"https:\\\/\\\/quokkacoworking.com\\\/politica-de-privicidad\\\/#primaryimage\",\"url\":\"https:\\\/\\\/quokkacoworking.com\\\/wp-content\\\/uploads\\\/2025\\\/07\\\/banner-politicas.webp\",\"contentUrl\":\"https:\\\/\\\/quokkacoworking.com\\\/wp-content\\\/uploads\\\/2025\\\/07\\\/banner-politicas.webp\"},{\"@type\":\"BreadcrumbList\",\"@id\":\"https:\\\/\\\/quokkacoworking.com\\\/politica-de-privicidad\\\/#breadcrumb\",\"itemListElement\":[{\"@type\":\"ListItem\",\"position\":1,\"name\":\"Portada\",\"item\":\"https:\\\/\\\/quokkacoworking.com\\\/\"},{\"@type\":\"ListItem\",\"position\":2,\"name\":\"Pol\u00edtica de privicidad\"}]},{\"@type\":\"WebSite\",\"@id\":\"https:\\\/\\\/quokkacoworking.com\\\/#website\",\"url\":\"https:\\\/\\\/quokkacoworking.com\\\/\",\"name\":\"Quokka Coworking\",\"description\":\"\",\"publisher\":{\"@id\":\"https:\\\/\\\/quokkacoworking.com\\\/#organization\"},\"potentialAction\":[{\"@type\":\"SearchAction\",\"target\":{\"@type\":\"EntryPoint\",\"urlTemplate\":\"https:\\\/\\\/quokkacoworking.com\\\/?s={search_term_string}\"},\"query-input\":{\"@type\":\"PropertyValueSpecification\",\"valueRequired\":true,\"valueName\":\"search_term_string\"}}],\"inLanguage\":\"en-US\"},{\"@type\":\"Organization\",\"@id\":\"https:\\\/\\\/quokkacoworking.com\\\/#organization\",\"name\":\"Quokka Coworking\",\"url\":\"https:\\\/\\\/quokkacoworking.com\\\/\",\"logo\":{\"@type\":\"ImageObject\",\"inLanguage\":\"en-US\",\"@id\":\"https:\\\/\\\/quokkacoworking.com\\\/#\\\/schema\\\/logo\\\/image\\\/\",\"url\":\"https:\\\/\\\/quokkacoworking.com\\\/wp-content\\\/uploads\\\/2025\\\/06\\\/logo.png\",\"contentUrl\":\"https:\\\/\\\/quokkacoworking.com\\\/wp-content\\\/uploads\\\/2025\\\/06\\\/logo.png\",\"width\":280,\"height\":105,\"caption\":\"Quokka Coworking\"},\"image\":{\"@id\":\"https:\\\/\\\/quokkacoworking.com\\\/#\\\/schema\\\/logo\\\/image\\\/\"}}]}<\/script>\n<!-- \/ Yoast SEO plugin. -->","yoast_head_json":{"title":"Pol\u00edtica de privicidad - Quokka Coworking","robots":{"index":"index","follow":"follow","max-snippet":"max-snippet:-1","max-image-preview":"max-image-preview:large","max-video-preview":"max-video-preview:-1"},"canonical":"https:\/\/quokkacoworking.com\/en\/politica-de-privicidad\/","og_locale":"en_US","og_type":"article","og_title":"Pol\u00edtica de privicidad - Quokka Coworking","og_description":"Temas de inter\u00e9s Tratamiento de datos Pol\u00edtica de privacidad Habeas data Tratamiento de datos Lorem ipsum dolor sit amet, consetetur sadipscing elitr, sed diam nonumy eirmod tempor invidunt ut labore et dolore magna aliquyam erat, sed diam voluptua. At vero eos et accusam et justo duo dolores et ea rebum. Stet clita kasd gubergren, no [&hellip;]","og_url":"https:\/\/quokkacoworking.com\/en\/politica-de-privicidad\/","og_site_name":"Quokka Coworking","article_modified_time":"2025-10-03T15:31:04+00:00","og_image":[{"width":1920,"height":953,"url":"https:\/\/quokkacoworking.com\/wp-content\/uploads\/2025\/07\/banner-politicas.webp","type":"image\/webp"}],"twitter_card":"summary_large_image","twitter_misc":{"Est. reading time":"5 minutes"},"schema":{"@context":"https:\/\/schema.org","@graph":[{"@type":"WebPage","@id":"https:\/\/quokkacoworking.com\/politica-de-privicidad\/","url":"https:\/\/quokkacoworking.com\/politica-de-privicidad\/","name":"Pol\u00edtica de privicidad - Quokka Coworking","isPartOf":{"@id":"https:\/\/quokkacoworking.com\/#website"},"primaryImageOfPage":{"@id":"https:\/\/quokkacoworking.com\/politica-de-privicidad\/#primaryimage"},"image":{"@id":"https:\/\/quokkacoworking.com\/politica-de-privicidad\/#primaryimage"},"thumbnailUrl":"https:\/\/quokkacoworking.com\/wp-content\/uploads\/2025\/07\/banner-politicas.webp","datePublished":"2025-07-15T14:40:16+00:00","dateModified":"2025-10-03T15:31:04+00:00","breadcrumb":{"@id":"https:\/\/quokkacoworking.com\/politica-de-privicidad\/#breadcrumb"},"inLanguage":"en-US","potentialAction":[{"@type":"ReadAction","target":["https:\/\/quokkacoworking.com\/politica-de-privicidad\/"]}]},{"@type":"ImageObject","inLanguage":"en-US","@id":"https:\/\/quokkacoworking.com\/politica-de-privicidad\/#primaryimage","url":"https:\/\/quokkacoworking.com\/wp-content\/uploads\/2025\/07\/banner-politicas.webp","contentUrl":"https:\/\/quokkacoworking.com\/wp-content\/uploads\/2025\/07\/banner-politicas.webp"},{"@type":"BreadcrumbList","@id":"https:\/\/quokkacoworking.com\/politica-de-privicidad\/#breadcrumb","itemListElement":[{"@type":"ListItem","position":1,"name":"Portada","item":"https:\/\/quokkacoworking.com\/"},{"@type":"ListItem","position":2,"name":"Pol\u00edtica de privicidad"}]},{"@type":"WebSite","@id":"https:\/\/quokkacoworking.com\/#website","url":"https:\/\/quokkacoworking.com\/","name":"Quokka Coworking","description":"","publisher":{"@id":"https:\/\/quokkacoworking.com\/#organization"},"potentialAction":[{"@type":"SearchAction","target":{"@type":"EntryPoint","urlTemplate":"https:\/\/quokkacoworking.com\/?s={search_term_string}"},"query-input":{"@type":"PropertyValueSpecification","valueRequired":true,"valueName":"search_term_string"}}],"inLanguage":"en-US"},{"@type":"Organization","@id":"https:\/\/quokkacoworking.com\/#organization","name":"Quokka Coworking","url":"https:\/\/quokkacoworking.com\/","logo":{"@type":"ImageObject","inLanguage":"en-US","@id":"https:\/\/quokkacoworking.com\/#\/schema\/logo\/image\/","url":"https:\/\/quokkacoworking.com\/wp-content\/uploads\/2025\/06\/logo.png","contentUrl":"https:\/\/quokkacoworking.com\/wp-content\/uploads\/2025\/06\/logo.png","width":280,"height":105,"caption":"Quokka Coworking"},"image":{"@id":"https:\/\/quokkacoworking.com\/#\/schema\/logo\/image\/"}}]}},"_links":{"self":[{"href":"https:\/\/quokkacoworking.com\/en\/wp-json\/wp\/v2\/pages\/2786","targetHints":{"allow":["GET"]}}],"collection":[{"href":"https:\/\/quokkacoworking.com\/en\/wp-json\/wp\/v2\/pages"}],"about":[{"href":"https:\/\/quokkacoworking.com\/en\/wp-json\/wp\/v2\/types\/page"}],"author":[{"embeddable":true,"href":"https:\/\/quokkacoworking.com\/en\/wp-json\/wp\/v2\/users\/1"}],"replies":[{"embeddable":true,"href":"https:\/\/quokkacoworking.com\/en\/wp-json\/wp\/v2\/comments?post=2786"}],"version-history":[{"count":76,"href":"https:\/\/quokkacoworking.com\/en\/wp-json\/wp\/v2\/pages\/2786\/revisions"}],"predecessor-version":[{"id":4240,"href":"https:\/\/quokkacoworking.com\/en\/wp-json\/wp\/v2\/pages\/2786\/revisions\/4240"}],"wp:attachment":[{"href":"https:\/\/quokkacoworking.com\/en\/wp-json\/wp\/v2\/media?parent=2786"}],"curies":[{"name":"wp","href":"https:\/\/api.w.org\/{rel}","templated":true}]}}